{"id":1257,"date":"2025-11-25T08:24:43","date_gmt":"2025-11-25T08:24:43","guid":{"rendered":"https:\/\/dr-iskandar.ch\/proteccion-de-datos\/"},"modified":"2026-01-21T12:14:20","modified_gmt":"2026-01-21T12:14:20","slug":"proteccion-de-datos","status":"publish","type":"page","link":"https:\/\/dr-iskandar.ch\/es\/proteccion-de-datos\/","title":{"rendered":"Protecci\u00f3n de datos"},"content":{"rendered":"\n<h2 class=\"wp-block-heading\">1. Protecci\u00f3n de datos<\/h2>\n\n<p>Nosotros, como operadores de este sitio, concedemos una gran importancia a la protecci\u00f3n de sus datos personales. Recopilamos y utilizamos sus datos personales exclusivamente en el marco de las leyes suizas sobre la protecci\u00f3n de datos, en particular la Ley Federal de Protecci\u00f3n de Datos (LPD). Todos los datos personales se tratan de manera confidencial y de conformidad con las disposiciones legales, as\u00ed como con la presente declaraci\u00f3n de protecci\u00f3n de datos.  <\/p>\n\n<p>El uso de nuestro sitio web es generalmente posible sin proporcionar datos personales. Cuando se recopilan datos personales (por ejemplo, nombre, direcci\u00f3n, direcci\u00f3n de correo electr\u00f3nico) en nuestro sitio, esto siempre se hace, en la medida de lo posible, de forma voluntaria. Estos datos nunca se transmitir\u00e1n a terceros sin su consentimiento expl\u00edcito, a menos que sea necesario para la ejecuci\u00f3n de un contrato o para responder a una obligaci\u00f3n legal.  <\/p>\n\n<p>Queremos destacar que la transmisi\u00f3n de datos por Internet (por ejemplo, durante la comunicaci\u00f3n por correo electr\u00f3nico) puede entra\u00f1ar riesgos. Aunque implementamos medidas de seguridad apropiadas, no se garantiza una protecci\u00f3n absoluta contra el acceso no autorizado por parte de terceros. <\/p>\n\n<p>Esta declaraci\u00f3n de protecci\u00f3n de datos le informa sobre el tipo, el alcance y la finalidad de la recopilaci\u00f3n, el tratamiento y la utilizaci\u00f3n de los datos personales.<\/p>\n\n<h2 class=\"wp-block-heading\">2. Utilizaci\u00f3n de cookies<\/h2>\n\n<p>Nuestro sitio web utiliza cookies para mejorar la experiencia del usuario, hacer que el sitio sea m\u00e1s eficaz y asegurar su utilizaci\u00f3n. Las cookies son peque\u00f1os archivos de texto almacenados en su dispositivo por su navegador. <\/p>\n\n<p>Utilizamos principalmente \u00abcookies de sesi\u00f3n\u00bb que se eliminan autom\u00e1ticamente al final de su visita. Algunas otras cookies permanecen en su dispositivo hasta que las elimina. Estas cookies nos permiten reconocer su navegador durante su pr\u00f3xima visita para personalizar su experiencia.  <\/p>\n\n<p>Puede configurar su navegador para que se le informe de la instalaci\u00f3n de cookies, aceptar o rechazar las cookies en ciertos casos o de manera general, y activar la eliminaci\u00f3n autom\u00e1tica de las cookies al cerrar el navegador. Tenga en cuenta que la desactivaci\u00f3n de las cookies puede limitar la funcionalidad de nuestro sitio. <\/p>\n\n<h2 class=\"wp-block-heading\">3. Archivos de registro del servidor \/ Datos de acceso<\/h2>\n\n<p>Durante su visita a nuestro sitio web, su navegador de Internet transmite autom\u00e1ticamente datos t\u00e9cnicos que se almacenan en archivos de registro del servidor. Estos datos comprenden, sin limitaci\u00f3n: <\/p>\n\n<ul class=\"wp-block-list\">\n<li>P\u00e1ginas web visitadas \/ archivos consultados<\/li>\n\n\n\n<li>Tipo y versi\u00f3n del navegador<\/li>\n\n\n\n<li>Sistema operativo utilizado<\/li>\n\n\n\n<li>Cantidad de datos transferidos<\/li>\n\n\n\n<li>URL de referencia (el sitio web desde el que ha accedido al nuestro)<\/li>\n\n\n\n<li>Nombre de host del ordenador que accede<\/li>\n\n\n\n<li>Fecha y hora de la solicitud<\/li>\n\n\n\n<li>Mensajes de error<\/li>\n\n\n\n<li>Direcci\u00f3n IP<\/li>\n<\/ul>\n\n<p>Estos datos no son atribuibles a una persona espec\u00edfica y no se combinan con otras fuentes de datos. Los datos no personales se recopilan y utilizan con fines internos, de seguridad del sistema y con fines estad\u00edsticos. <\/p>\n\n<h2 class=\"wp-block-heading\">4. Formulario de contacto y correos electr\u00f3nicos<\/h2>\n\n<p>Cuando se pone en contacto con nosotros a trav\u00e9s de las opciones proporcionadas en el sitio, sus datos se recopilan y almacenan para el tratamiento de su solicitud. Estos datos no se compartir\u00e1n con terceros sin su consentimiento expl\u00edcito, a menos que as\u00ed lo exija la ley. <\/p>\n\n<p>El tratamiento de los datos enviados a trav\u00e9s del formulario de contacto se realiza exclusivamente sobre la base de su consentimiento. Puede revocar este consentimiento en cualquier momento mediante una simple comunicaci\u00f3n, por ejemplo, por correo electr\u00f3nico. La legalidad del tratamiento de los datos efectuado hasta la revocaci\u00f3n no se ve afectada por esta.  <\/p>\n\n<p>Los datos introducidos en el formulario de contacto se conservan hasta que solicite su eliminaci\u00f3n, revoque su consentimiento o la finalidad del almacenamiento se vuelva obsoleta (por ejemplo, despu\u00e9s del tratamiento completo de su solicitud). Las obligaciones legales de conservaci\u00f3n de los datos no se ven afectadas. <\/p>\n\n<h2 class=\"wp-block-heading\">5. Bolet\u00edn informativo<\/h2>\n\n<p>Para mantenerle informado(a) de nuestras actividades, le ofrecemos un bolet\u00edn informativo. La suscripci\u00f3n al bolet\u00edn se realiza mediante un procedimiento de doble confirmaci\u00f3n, en el que confirma su consentimiento a trav\u00e9s de un enlace enviado por correo electr\u00f3nico. <\/p>\n\n<p>El contenido del bolet\u00edn puede incluir informaci\u00f3n sobre nuestros servicios, noticias de la empresa, as\u00ed como ofertas promocionales. Los datos recopilados durante la inscripci\u00f3n, incluyendo la direcci\u00f3n de correo electr\u00f3nico y otra informaci\u00f3n personal, se utilizan \u00fanicamente con fines de env\u00edo del bolet\u00edn. Estos datos se almacenan hasta que revoque su consentimiento.  <\/p>\n\n<p>Puede cancelar su suscripci\u00f3n en cualquier momento siguiendo el enlace de baja presente en cada bolet\u00edn. Tras la baja, sus datos ser\u00e1n eliminados, salvo que su conservaci\u00f3n est\u00e9 justificada por obligaciones legales. <\/p>\n\n<h2 class=\"wp-block-heading\">6. Recopilaci\u00f3n y tratamiento de los datos relativos al contenido<\/h2>\n\n<p>Al enviar formularios de contacto, al inscribirse en boletines informativos o en eventos, nos proporciona datos personales como su nombre, su direcci\u00f3n y su direcci\u00f3n de correo electr\u00f3nico. Esta informaci\u00f3n se recopila y se trata \u00fanicamente con el fin mencionado durante la recopilaci\u00f3n. <\/p>\n\n<h2 class=\"wp-block-heading\">7. Comentarios y contribuciones<\/h2>\n\n<p>Cuando publica un comentario o una contribuci\u00f3n en nuestro sitio, su direcci\u00f3n IP queda registrada. Esta medida est\u00e1 en vigor para garantizar la seguridad y protegerse contra posibles abusos. En caso de violaci\u00f3n de la ley, esta informaci\u00f3n podr\u00eda utilizarse para identificar al autor de la violaci\u00f3n.  <\/p>\n\n<h2 class=\"wp-block-heading\">8. Utilizaci\u00f3n de Google Maps<\/h2>\n\n<p>Este sitio utiliza Google Maps para la visualizaci\u00f3n de mapas geogr\u00e1ficos. La utilizaci\u00f3n de Google Maps implica la transmisi\u00f3n de datos, incluyendo su direcci\u00f3n IP, a los servidores de Google situados en Estados Unidos. Tenga en cuenta que la utilizaci\u00f3n de Google Maps est\u00e1 sujeta a las condiciones de utilizaci\u00f3n de Google y a su pol\u00edtica de privacidad.  <\/p>\n\n<p>Si desea evitar la transferencia de sus datos a Google, puede desactivar JavaScript en su navegador. Sin embargo, esta acci\u00f3n limitar\u00e1 la funcionalidad de los mapas en nuestro sitio. <\/p>\n\n<h2 class=\"wp-block-heading\">9. Utilizaci\u00f3n de Google Analytics<\/h2>\n\n<p>Este sitio utiliza Google Analytics, un servicio de an\u00e1lisis web proporcionado por Google Inc. Google Analytics utiliza cookies para ayudar al sitio web a analizar la utilizaci\u00f3n del sitio por sus usuarios. <\/p>\n\n<h3 class=\"wp-block-heading\">9.1 Anonimizaci\u00f3n IP<\/h3>\n\n<p>Hemos activado la anonimizaci\u00f3n de las direcciones IP. Esto significa que Google trunca su direcci\u00f3n IP en la Uni\u00f3n Europea o en otros Estados miembros del Espacio Econ\u00f3mico Europeo antes de transferirla a Estados Unidos. Solo en casos excepcionales, la direcci\u00f3n IP completa se transmite a un servidor de Google en Estados Unidos y all\u00ed se acorta. Google utiliza esta informaci\u00f3n para evaluar su utilizaci\u00f3n del sitio web, compilar informes sobre la actividad del sitio y proporcionar otros servicios relacionados con la utilizaci\u00f3n de Internet.   <\/p>\n\n<h3 class=\"wp-block-heading\">9.2 Plugin navegador<\/h3>\n\n<p>Puede impedir el almacenamiento de cookies configurando su navegador en consecuencia. Sin embargo, esto podr\u00eda limitar ciertas funcionalidades de nuestro sitio. Tambi\u00e9n puede impedir la recopilaci\u00f3n y el tratamiento por parte de Google de los datos generados por las cookies con respecto a su utilizaci\u00f3n del sitio web (incluyendo su direcci\u00f3n IP) descargando e instalando el plugin de navegador disponible en: <a href=\"https:\/\/tools.google.com\/dlpage\/gaoptout?hl=fr\">https:\/\/tools.google.com\/dlpage\/gaoptout?hl=fr<\/a>.  <\/p>\n\n<h2 class=\"wp-block-heading\">10. Sus derechos<\/h2>\n\n<p>De conformidad con la Ley Federal de Protecci\u00f3n de Datos (LPD), tiene derecho a solicitar gratuitamente informaci\u00f3n sobre los datos personales que conservamos sobre usted, as\u00ed como a solicitar su rectificaci\u00f3n o supresi\u00f3n si ya no son necesarios o si su tratamiento es ilegal. Las solicitudes pueden presentarse a trav\u00e9s de los datos de contacto indicados en nuestro aviso legal. Por razones de seguridad, las solicitudes se tramitar\u00e1n \u00fanicamente si van acompa\u00f1adas de una prueba de identidad.  <\/p>\n\n<h2 class=\"wp-block-heading\">11. Oposici\u00f3n a los correos publicitarios<\/h2>\n\n<p>La utilizaci\u00f3n de nuestra informaci\u00f3n de contacto para el env\u00edo de publicidad no solicitada est\u00e1 estrictamente prohibida. En caso de violaci\u00f3n, nos reservamos el derecho de emprender acciones legales contra el env\u00edo no solicitado de correos no deseados. <\/p>\n","protected":false},"excerpt":{"rendered":"<p>1. Protecci\u00f3n de datos Nosotros, como operadores de este sitio, concedemos una gran importancia a la protecci\u00f3n de sus datos personales. Recopilamos y utilizamos sus datos personales exclusivamente en el marco de las leyes suizas sobre la protecci\u00f3n de datos, en particular la Ley Federal de Protecci\u00f3n de Datos (LPD). Todos los datos personales se [&hellip;]<\/p>\n","protected":false},"author":1,"featured_media":0,"parent":0,"menu_order":0,"comment_status":"closed","ping_status":"closed","template":"","meta":{"footnotes":""},"class_list":["post-1257","page","type-page","status-publish","hentry"],"yoast_head":"<!-- This site is optimized with the Yoast SEO plugin v27.4 - https:\/\/yoast.com\/product\/yoast-seo-wordpress\/ -->\n<title>Protecci\u00f3n de datos | Dr Antonio<\/title>\n<meta name=\"robots\" content=\"index, follow, max-snippet:-1, max-image-preview:large, max-video-preview:-1\" \/>\n<link rel=\"canonical\" href=\"https:\/\/dr-iskandar.ch\/es\/proteccion-de-datos\/\" \/>\n<meta property=\"og:locale\" content=\"es_ES\" \/>\n<meta property=\"og:type\" content=\"article\" \/>\n<meta property=\"og:title\" content=\"Protecci\u00f3n de datos | Dr Antonio\" \/>\n<meta property=\"og:description\" content=\"1. Protecci\u00f3n de datos Nosotros, como operadores de este sitio, concedemos una gran importancia a la protecci\u00f3n de sus datos personales. Recopilamos y utilizamos sus datos personales exclusivamente en el marco de las leyes suizas sobre la protecci\u00f3n de datos, en particular la Ley Federal de Protecci\u00f3n de Datos (LPD). Todos los datos personales se [&hellip;]\" \/>\n<meta property=\"og:url\" content=\"https:\/\/dr-iskandar.ch\/es\/proteccion-de-datos\/\" \/>\n<meta property=\"og:site_name\" content=\"Dr Antonio\" \/>\n<meta property=\"article:modified_time\" content=\"2026-01-21T12:14:20+00:00\" \/>\n<meta property=\"og:image\" content=\"https:\/\/dr-iskandar.ch\/wp-content\/uploads\/2025\/11\/Logo.png\" \/>\n\t<meta property=\"og:image:width\" content=\"350\" \/>\n\t<meta property=\"og:image:height\" content=\"249\" \/>\n\t<meta property=\"og:image:type\" content=\"image\/png\" \/>\n<meta name=\"twitter:card\" content=\"summary_large_image\" \/>\n<meta name=\"twitter:label1\" content=\"Tiempo de lectura\" \/>\n\t<meta name=\"twitter:data1\" content=\"7 minutos\" \/>\n<script type=\"application\/ld+json\" class=\"yoast-schema-graph\">{\"@context\":\"https:\\\/\\\/schema.org\",\"@graph\":[{\"@type\":\"WebPage\",\"@id\":\"https:\\\/\\\/dr-iskandar.ch\\\/es\\\/proteccion-de-datos\\\/\",\"url\":\"https:\\\/\\\/dr-iskandar.ch\\\/es\\\/proteccion-de-datos\\\/\",\"name\":\"Protecci\u00f3n de datos | Dr Antonio\",\"isPartOf\":{\"@id\":\"https:\\\/\\\/dr-iskandar.ch\\\/es\\\/#website\"},\"datePublished\":\"2025-11-25T08:24:43+00:00\",\"dateModified\":\"2026-01-21T12:14:20+00:00\",\"breadcrumb\":{\"@id\":\"https:\\\/\\\/dr-iskandar.ch\\\/es\\\/proteccion-de-datos\\\/#breadcrumb\"},\"inLanguage\":\"es\",\"potentialAction\":[{\"@type\":\"ReadAction\",\"target\":[\"https:\\\/\\\/dr-iskandar.ch\\\/es\\\/proteccion-de-datos\\\/\"]}]},{\"@type\":\"BreadcrumbList\",\"@id\":\"https:\\\/\\\/dr-iskandar.ch\\\/es\\\/proteccion-de-datos\\\/#breadcrumb\",\"itemListElement\":[{\"@type\":\"ListItem\",\"position\":1,\"name\":\"Home\",\"item\":\"https:\\\/\\\/dr-iskandar.ch\\\/es\\\/\"},{\"@type\":\"ListItem\",\"position\":2,\"name\":\"Protecci\u00f3n de datos\"}]},{\"@type\":\"WebSite\",\"@id\":\"https:\\\/\\\/dr-iskandar.ch\\\/es\\\/#website\",\"url\":\"https:\\\/\\\/dr-iskandar.ch\\\/es\\\/\",\"name\":\"Dr Antonio\",\"description\":\"\",\"publisher\":{\"@id\":\"https:\\\/\\\/dr-iskandar.ch\\\/es\\\/#organization\"},\"potentialAction\":[{\"@type\":\"SearchAction\",\"target\":{\"@type\":\"EntryPoint\",\"urlTemplate\":\"https:\\\/\\\/dr-iskandar.ch\\\/es\\\/?s={search_term_string}\"},\"query-input\":{\"@type\":\"PropertyValueSpecification\",\"valueRequired\":true,\"valueName\":\"search_term_string\"}}],\"inLanguage\":\"es\"},{\"@type\":\"Organization\",\"@id\":\"https:\\\/\\\/dr-iskandar.ch\\\/es\\\/#organization\",\"name\":\"Dr Antonio\",\"url\":\"https:\\\/\\\/dr-iskandar.ch\\\/es\\\/\",\"logo\":{\"@type\":\"ImageObject\",\"inLanguage\":\"es\",\"@id\":\"https:\\\/\\\/dr-iskandar.ch\\\/es\\\/#\\\/schema\\\/logo\\\/image\\\/\",\"url\":\"https:\\\/\\\/dr-iskandar.ch\\\/wp-content\\\/uploads\\\/2025\\\/11\\\/Logo.png\",\"contentUrl\":\"https:\\\/\\\/dr-iskandar.ch\\\/wp-content\\\/uploads\\\/2025\\\/11\\\/Logo.png\",\"width\":350,\"height\":249,\"caption\":\"Dr Antonio\"},\"image\":{\"@id\":\"https:\\\/\\\/dr-iskandar.ch\\\/es\\\/#\\\/schema\\\/logo\\\/image\\\/\"},\"sameAs\":[\"https:\\\/\\\/www.instagram.com\\\/dr.iskandar.md\\\/\"]}]}<\/script>\n<!-- \/ Yoast SEO plugin. -->","yoast_head_json":{"title":"Protecci\u00f3n de datos | Dr Antonio","robots":{"index":"index","follow":"follow","max-snippet":"max-snippet:-1","max-image-preview":"max-image-preview:large","max-video-preview":"max-video-preview:-1"},"canonical":"https:\/\/dr-iskandar.ch\/es\/proteccion-de-datos\/","og_locale":"es_ES","og_type":"article","og_title":"Protecci\u00f3n de datos | Dr Antonio","og_description":"1. Protecci\u00f3n de datos Nosotros, como operadores de este sitio, concedemos una gran importancia a la protecci\u00f3n de sus datos personales. Recopilamos y utilizamos sus datos personales exclusivamente en el marco de las leyes suizas sobre la protecci\u00f3n de datos, en particular la Ley Federal de Protecci\u00f3n de Datos (LPD). Todos los datos personales se [&hellip;]","og_url":"https:\/\/dr-iskandar.ch\/es\/proteccion-de-datos\/","og_site_name":"Dr Antonio","article_modified_time":"2026-01-21T12:14:20+00:00","og_image":[{"width":350,"height":249,"url":"https:\/\/dr-iskandar.ch\/wp-content\/uploads\/2025\/11\/Logo.png","type":"image\/png"}],"twitter_card":"summary_large_image","twitter_misc":{"Tiempo de lectura":"7 minutos"},"schema":{"@context":"https:\/\/schema.org","@graph":[{"@type":"WebPage","@id":"https:\/\/dr-iskandar.ch\/es\/proteccion-de-datos\/","url":"https:\/\/dr-iskandar.ch\/es\/proteccion-de-datos\/","name":"Protecci\u00f3n de datos | Dr Antonio","isPartOf":{"@id":"https:\/\/dr-iskandar.ch\/es\/#website"},"datePublished":"2025-11-25T08:24:43+00:00","dateModified":"2026-01-21T12:14:20+00:00","breadcrumb":{"@id":"https:\/\/dr-iskandar.ch\/es\/proteccion-de-datos\/#breadcrumb"},"inLanguage":"es","potentialAction":[{"@type":"ReadAction","target":["https:\/\/dr-iskandar.ch\/es\/proteccion-de-datos\/"]}]},{"@type":"BreadcrumbList","@id":"https:\/\/dr-iskandar.ch\/es\/proteccion-de-datos\/#breadcrumb","itemListElement":[{"@type":"ListItem","position":1,"name":"Home","item":"https:\/\/dr-iskandar.ch\/es\/"},{"@type":"ListItem","position":2,"name":"Protecci\u00f3n de datos"}]},{"@type":"WebSite","@id":"https:\/\/dr-iskandar.ch\/es\/#website","url":"https:\/\/dr-iskandar.ch\/es\/","name":"Dr Antonio","description":"","publisher":{"@id":"https:\/\/dr-iskandar.ch\/es\/#organization"},"potentialAction":[{"@type":"SearchAction","target":{"@type":"EntryPoint","urlTemplate":"https:\/\/dr-iskandar.ch\/es\/?s={search_term_string}"},"query-input":{"@type":"PropertyValueSpecification","valueRequired":true,"valueName":"search_term_string"}}],"inLanguage":"es"},{"@type":"Organization","@id":"https:\/\/dr-iskandar.ch\/es\/#organization","name":"Dr Antonio","url":"https:\/\/dr-iskandar.ch\/es\/","logo":{"@type":"ImageObject","inLanguage":"es","@id":"https:\/\/dr-iskandar.ch\/es\/#\/schema\/logo\/image\/","url":"https:\/\/dr-iskandar.ch\/wp-content\/uploads\/2025\/11\/Logo.png","contentUrl":"https:\/\/dr-iskandar.ch\/wp-content\/uploads\/2025\/11\/Logo.png","width":350,"height":249,"caption":"Dr Antonio"},"image":{"@id":"https:\/\/dr-iskandar.ch\/es\/#\/schema\/logo\/image\/"},"sameAs":["https:\/\/www.instagram.com\/dr.iskandar.md\/"]}]}},"_links":{"self":[{"href":"https:\/\/dr-iskandar.ch\/es\/wp-json\/wp\/v2\/pages\/1257","targetHints":{"allow":["GET"]}}],"collection":[{"href":"https:\/\/dr-iskandar.ch\/es\/wp-json\/wp\/v2\/pages"}],"about":[{"href":"https:\/\/dr-iskandar.ch\/es\/wp-json\/wp\/v2\/types\/page"}],"author":[{"embeddable":true,"href":"https:\/\/dr-iskandar.ch\/es\/wp-json\/wp\/v2\/users\/1"}],"replies":[{"embeddable":true,"href":"https:\/\/dr-iskandar.ch\/es\/wp-json\/wp\/v2\/comments?post=1257"}],"version-history":[{"count":1,"href":"https:\/\/dr-iskandar.ch\/es\/wp-json\/wp\/v2\/pages\/1257\/revisions"}],"predecessor-version":[{"id":1258,"href":"https:\/\/dr-iskandar.ch\/es\/wp-json\/wp\/v2\/pages\/1257\/revisions\/1258"}],"wp:attachment":[{"href":"https:\/\/dr-iskandar.ch\/es\/wp-json\/wp\/v2\/media?parent=1257"}],"curies":[{"name":"wp","href":"https:\/\/api.w.org\/{rel}","templated":true}]}}